{"id":6158,"date":"2026-03-20T12:46:17","date_gmt":"2026-03-20T11:46:17","guid":{"rendered":"https:\/\/kapelo.net\/?page_id=6158"},"modified":"2026-03-26T17:22:15","modified_gmt":"2026-03-26T16:22:15","slug":"laid-loiseau-p-2","status":"publish","type":"page","link":"https:\/\/kapelo.net\/index.php\/laid-loiseau-p-2\/","title":{"rendered":"LAID L&#8217;OISEAU p.2*"},"content":{"rendered":"\n<div class=\"wp-block-uagb-container uagb-block-91ff5ee1 alignfull uagb-is-root-container\"><div class=\"uagb-container-inner-blocks-wrap\">\n<div class=\"wp-block-stackable-columns stk-block-columns stk-block stk-8d38269\" data-block-id=\"8d38269\"><div class=\"stk-row stk-inner-blocks stk-block-content stk-content-align stk-8d38269-column\">\n<div class=\"wp-block-stackable-column stk-block-column stk-column stk-block stk-59c6cc5\" data-v=\"4\" data-block-id=\"59c6cc5\"><div class=\"stk-column-wrapper stk-block-column__content stk-container stk-59c6cc5-container stk--no-background stk--no-padding\"><div class=\"stk-block-content stk-inner-blocks stk-59c6cc5-inner-blocks\">\n<p class=\"has-custom-4-color has-text-color has-link-color wp-elements-a8581c7bca44d1e8627168560f9be952 wp-block-paragraph\" style=\"font-size:20px\">LAID L&#8217;OISEAU, LE VILLAGE MAUDIT p.2<\/p>\n<\/div><\/div><\/div>\n\n\n\n<div class=\"wp-block-stackable-column stk-block-column stk-column stk-block stk-ace8d85\" data-v=\"4\" data-block-id=\"ace8d85\"><div class=\"stk-column-wrapper stk-block-column__content stk-container stk-ace8d85-container stk--no-background stk--no-padding\"><div class=\"stk-block-content stk-inner-blocks stk-ace8d85-inner-blocks\">\n<p class=\"has-text-align-right wp-block-paragraph\" style=\"font-size:18px\"><a href=\"https:\/\/kapelo.net\/index.php\/laidloiseau-2\/\" data-type=\"link\" data-id=\"https:\/\/kapelo.net\/index.php\/laidloiseau-2\/\">page 1<\/a>  <a href=\"https:\/\/kapelo.net\/index.php\/laidloiseau\/\" data-type=\"link\" data-id=\"https:\/\/kapelo.net\/index.php\/laidloiseau-2\/\">page 2<\/a><\/p>\n<\/div><\/div><\/div>\n<\/div><\/div>\n\n\n\n<p class=\"has-custom-4-color has-text-color has-link-color wp-elements-682a1d07d8a05c4209af31d4babe2ab6 wp-block-paragraph\" style=\"font-size:20px\">Extrait de l&#8217;ouvrage de Marcelle SIMAL-GILLIS <em>LAID L&#8217;OISEAU le village maudit<\/em><\/p>\n<\/div><\/div>\n\n\n\n<div class=\"wp-block-uagb-container uagb-block-dea96ef2 alignfull uagb-is-root-container\"><div class=\"uagb-container-inner-blocks-wrap\">\n<div class=\"wp-block-columns is-layout-flex wp-container-core-columns-is-layout-8f761849 wp-block-columns-is-layout-flex\">\n<div class=\"wp-block-column is-layout-flow wp-block-column-is-layout-flow\">\n<p class=\"wp-block-paragraph\" style=\"font-size:16px\">Apr\u00e8s que son \u00e9poux, Toussaint Lamarmite, eut \u00e9t\u00e9 tenaill\u00e9, eut la main droite coup\u00e9e et les os rompus, Th\u00e9r\u00e8se Flagothier, instigatrice de moult crimes tant en pays d&#8217;Ardenne qu&#8217;en pays de Li\u00e8ge, vint se refaire une bonne conscience, sous le nom de Marie Henkart, dans ce nid de rapace,<br>\u00e0 ;. C&#8217;est ici qu&#8217;elle \u00e9pousa un cultivateur nomm\u00e9 Payot, qui perdit la raison en apprenant plus tard la v\u00e9ritable identit\u00e9 de la belle coqueti\u00e8re. Elle fut arr\u00eat\u00e9e, condamn\u00e9e, et ex\u00e9cut\u00e9e par le bourreau de Li\u00e8ge, le 17 novembre 1763.<\/p>\n\n\n\n<p class=\"wp-block-paragraph\">Sur le plateau, la vie reprit son rythme paisible, avec sans doute des charbonniers, des agriculteurs pour y semer 1&#8217;\u00e9peautre et le seigle, et des \u00e9leveurs pour y faire pa\u00eetre leurs moutons. Cette vie pastorale n&#8217;a-t-elle pas laiss\u00e9 dans la r\u00e9gion un lieu-dit &#8220;le prangeleux&#8221; ou repos des bergers !<\/p>\n\n\n\n<p class=\"wp-block-paragraph\">Ainsi, \u00e0 LAIDLOISEAU, tout n&#8217; \u00e9tait pas affreux ; la joie de vivre dans cette corne du bois a d\u00fb \u00e9tourdir par exemple Catherine LAURENT, fille de Simon LAURENT et Marie PIRSON, n\u00e9e \u00e0 ;, paroisse de Weris et y baptis\u00e9e, et qui le 26 mai 1795, \u00e0 l&#8217;\u00e2ge de 24 ans, \u00e9pousa Jean LEROUX domicili\u00e9 \u00e0 FAYS (extrait du registre de Villers Sainte Gertrude).<\/p>\n\n\n\n<p class=\"wp-block-paragraph\" style=\"font-size:16px\">Apr\u00e8s plus d&#8217;un si\u00e8cle de qui\u00e9tude, LAIDLOISEAU allait vivre \u00e0 nouveau dans la terreur. Les fant\u00f4mes et les esprits des Lamarmite ne r\u00f4daient-ils encore dans la for\u00eat de Hoursinne et de Laidloiseau&nbsp;?<br>Par une belle apr\u00e8s-midi de juillet en l&#8217; an 1898, Elisabeth LAURENT \u00e2g\u00e9e de 73 ans , est seule dans sa petite maison, la porte ouverte : elle vaque \u00e0 ses occupations, tandis que son \u00e9poux Fran\u00e7ois garde le troupeau dans les champs. Un voleur surgit et frappe la malheureuse. Atteinte au bras droit et \u00e0 la t\u1ebfte, Elisabeth est laiss\u00e9e \u00e0 demi-morte. Son calvaire dura trois jours durant lesquels la police essaya vainement de 1&#8217;interroger, car la victime avait vu son assassin. Ne pouvant \u00e9mettre un son, Elisabeth r\u00e9pondait par pression de la main sur le poignet de son interlocuteur. Le voleur assassin n&#8217;\u00e9tait pas inconnu, mais il avait para\u00eet-il, un alibi. Selon les rumeurs, il semble qu&#8217;\u00e0 l&#8217;article de la<br>mort, il avoua son forfait. La justice des hommes n&#8217;avait pas \u00e9t\u00e9 rendue, esp\u00e9rons que le jugement de Dieu ait \u00e9t\u00e9 ex\u00e9cut\u00e9.<\/p>\n\n\n\n<p class=\"wp-block-paragraph\" style=\"font-size:16px\">Avant 1914, Laidloiseau comptait trois fermes, dont une devait \u00eatre importante car elle poss\u00e9dait une \u00e9norme balance qui, en 1967, \u00e9tait conserv\u00e9e au mus\u00e9e du Fourneau-Saint-Michel. Il y avait aussi une tr\u00e8s vieille maison en torchis, avec de belles boiseries sculpt\u00e9es \u00e0 la main, non loin de l\u00e0, en bordure de la route allant vers Li\u00e8ge, une hostellerie servait de relais aux diligences.<\/p>\n\n\n\n<p class=\"wp-block-paragraph\"><\/p>\n<\/div>\n\n\n\n<div class=\"wp-block-column is-layout-flow wp-block-column-is-layout-flow\">\n<p class=\"wp-block-paragraph\">H\u00e9las, tout ne s\u2019est pas aussi bien termin\u00e9.<\/p>\n\n\n\n<p class=\"wp-block-paragraph\">Le temps passe, notre terre du Durbuy tremble \u00e0 nouveau sous les pas des bottes, mais ennemies cette fois. Tous heureusement n&#8217;avaient1&#8217;esprit guerrier. C&#8217;est ainsi qu&#8217;un d\u00e9serteur de 1&#8217;arm\u00e9e allemande se cacha \u00e0 Laidloiseau, ou il s&#8217;int\u00e9gra \u00e0 la petite communaut\u00e9. Un jour qu&#8217;il installait un \u00e9pouvantail pour les sangliers, une patrouille SS surgit et apostropha son compatriote &#8220;wallonis\u00e9&#8221; qui, sans perdre son sang-froid, les enguirlanda dans un dialecte de la langue d&#8217;oil. M\u00e9dus\u00e9e, la patrouille se retira, au grand soulagement du brave fritz.<\/p>\n\n\n\n<p class=\"wp-block-paragraph\">&#8220;Le 9 septembre 1944 un peu apr\u00e8s 17 h. \u00e0 la veille de la lib\u00e9ration de la vall\u00e9e de 1&#8217;Aisne.<br>P3 un groupe de maquisards, d&#8217;infirmiers du maquis et les habitants du<br>hameau furent surpris par un d\u00e9tachement des troupes allemandes en retraite. Pour gagner quelques secondes et ainsi assurer 1&#8217;\u00e9vacuation des derniers civils et de deux de leurs compagnons de lutte \u00e9trangers (Boris et Gregori) assoupis dans une grange, less maquisards durent ouvrir le feu. De la fusillade qui s&#8217;ensuivit, civils, infirmiers et maquisards sortirent indemnes, malheureusement les courageux habitants du hameau perdirent tous leurs biens. L&#8217;ennemi furieux de son \u00e9chec incendia et d\u00e9truisit Laidloiseau \u00e0 la grenade. Cet engagement fut le pr\u00e9lude de la canonnade par les blind\u00e9s allemands du camp dit de &#8220;Hoursinne&#8221;, canonnade qui se prolongea tard dans la nuit&#8221; .<br>Rosita, Marthe B, Omer, Goffin, Lovinfosse, Yvan, Cyrille, Dory,<br>Rorive, Jean&#8211;Fran\u00e7ois, F., Simon,&#8221;Sachem&#8221;.<\/p>\n\n\n\n<p class=\"wp-block-paragraph\">Mais connaissez-vous &#8220;Al vierge Mareye&#8221; au bord de la clairi\u00e8re du &#8220;Cherru&#8221;. Une l\u00e9gende raconte 1&#8217;aventure du p\u00e2tre de Laidloiseau appel\u00e9 Marquet dit Houlette. Celui-ci pour sauver sa fille Denise atteinte du miserere, l&#8217;avait vendue au diable en \u00e9change de sa gu\u00e9rison. Un lieu de rendez-vous dans les bois avait \u00e9t\u00e9 fix\u00e9 pour la transaction. Houlette comprit un peu tard 1&#8217;identit\u00e9 de son futur gendre, et alla implorer le secours de 1&#8217;ermite de saint Antoine, qui invoqua la Vierge Marie. Sur<br>le conseil de 1&#8217;ermite, Denise se rendit \u00e0 l&#8217;endroit convenu, en portant bien en \u00e9vidence une croix ; \u00e0 la vue du crucifix port\u00e9 par la jeune fille, Satan poussa un cri effroyable et disparut dans une odeur de Soufre.<br>Existe-t-il toujours le ch\u00eane dans le tronc duquel Houlette creusa une niche et y d\u00e9posa la statue de la Vierge, pour la remercier et conjurer le d\u00e9mon?<br><br>Laidloiseau village ou hameau, Laidloiseau lieu-dit, toute son histoire est engloutie sous les flots verts d&#8217;une for\u00eat, pour cacher \u00e0 tout jamais les stigmates de sa mal\u00e9diction.<br>Marcelle SIMAL-GILLIS<\/p>\n\n\n\n<p class=\"wp-block-paragraph\">Bibliographie :<br>F. GOBLET : \u00c9glise paroissiale de Saint Antoine, 1984, page 203<br>R. HENOUMONT : Les Lamarmite<br>Le SOIR du 23 septembre 1967.<\/p>\n<\/div>\n<\/div>\n\n\n\n<p class=\"wp-block-paragraph\"><\/p>\n\n\n\n<p class=\"wp-block-paragraph\" style=\"font-size:18px\"><a href=\"https:\/\/kapelo.net\/index.php\/laidloiseau-2\/\" data-type=\"link\" data-id=\"https:\/\/kapelo.net\/index.php\/laidloiseau-2\/\">SUITE Page  1<\/a><\/p>\n<\/div><\/div>\n\n\n\n<p class=\"wp-block-paragraph\"><\/p>\n","protected":false},"excerpt":{"rendered":"<p>LAID L&#8217;OISEAU, LE VILLAGE MAUDIT p.2 page 1 page 2 Extrait de l&#8217;ouvrage de Marcelle SIMAL-GILLIS LAID L&#8217;OISEAU le village maudit Apr\u00e8s que son \u00e9poux, Toussaint Lamarmite, eut \u00e9t\u00e9 tenaill\u00e9, eut la main droite coup\u00e9e et les os rompus, Th\u00e9r\u00e8se Flagothier, instigatrice de moult crimes tant en pays d&#8217;Ardenne qu&#8217;en pays de Li\u00e8ge, vint se&hellip;&nbsp;<\/p>\n","protected":false},"author":1,"featured_media":0,"parent":0,"menu_order":0,"comment_status":"closed","ping_status":"closed","template":"","meta":{"_crdt_document":"","_uag_custom_page_level_css":"","neve_meta_sidebar":"","neve_meta_container":"","neve_meta_enable_content_width":"","neve_meta_content_width":0,"neve_meta_title_alignment":"","neve_meta_author_avatar":"","neve_post_elements_order":"","neve_meta_disable_header":"","neve_meta_disable_footer":"","neve_meta_disable_title":"","ngg_post_thumbnail":0,"_themeisle_gutenberg_block_has_review":false,"footnotes":""},"class_list":["post-6158","page","type-page","status-publish","hentry"],"uagb_featured_image_src":{"full":false,"thumbnail":false,"medium":false,"medium_large":false,"large":false,"1536x1536":false,"2048x2048":false,"neve-blog":false},"uagb_author_info":{"display_name":"KAPbonma","author_link":"https:\/\/kapelo.net\/index.php\/author\/kapbonma\/"},"uagb_comment_info":0,"uagb_excerpt":"LAID L&#8217;OISEAU, LE VILLAGE MAUDIT p.2 page 1 page 2 Extrait de l&#8217;ouvrage de Marcelle SIMAL-GILLIS LAID L&#8217;OISEAU le village maudit Apr\u00e8s que son \u00e9poux, Toussaint Lamarmite, eut \u00e9t\u00e9 tenaill\u00e9, eut la main droite coup\u00e9e et les os rompus, Th\u00e9r\u00e8se Flagothier, instigatrice de moult crimes tant en pays d&#8217;Ardenne qu&#8217;en pays de Li\u00e8ge, vint se&hellip;&nbsp;","_links":{"self":[{"href":"https:\/\/kapelo.net\/index.php\/wp-json\/wp\/v2\/pages\/6158","targetHints":{"allow":["GET"]}}],"collection":[{"href":"https:\/\/kapelo.net\/index.php\/wp-json\/wp\/v2\/pages"}],"about":[{"href":"https:\/\/kapelo.net\/index.php\/wp-json\/wp\/v2\/types\/page"}],"author":[{"embeddable":true,"href":"https:\/\/kapelo.net\/index.php\/wp-json\/wp\/v2\/users\/1"}],"replies":[{"embeddable":true,"href":"https:\/\/kapelo.net\/index.php\/wp-json\/wp\/v2\/comments?post=6158"}],"version-history":[{"count":6,"href":"https:\/\/kapelo.net\/index.php\/wp-json\/wp\/v2\/pages\/6158\/revisions"}],"predecessor-version":[{"id":6469,"href":"https:\/\/kapelo.net\/index.php\/wp-json\/wp\/v2\/pages\/6158\/revisions\/6469"}],"wp:attachment":[{"href":"https:\/\/kapelo.net\/index.php\/wp-json\/wp\/v2\/media?parent=6158"}],"curies":[{"name":"wp","href":"https:\/\/api.w.org\/{rel}","templated":true}]}}