{"id":5607,"date":"2026-03-14T09:04:29","date_gmt":"2026-03-14T08:04:29","guid":{"rendered":"https:\/\/kapelo.net\/?page_id=5607"},"modified":"2026-03-14T09:06:07","modified_gmt":"2026-03-14T08:06:07","slug":"concerts-tch","status":"publish","type":"page","link":"https:\/\/kapelo.net\/index.php\/concerts-tch\/","title":{"rendered":"CONCERTS TCH *"},"content":{"rendered":"\n<p class=\"wp-block-paragraph\"><\/p>\n\n\n\n<p class=\"has-accent-color has-text-color has-link-color wp-elements-b1f5824fd833e42f2a1450e58ad01976 wp-block-paragraph\" style=\"font-size:20px\">UN CITOYENND&#8217;HONNEUR<\/p>\n\n\n\n<div class=\"wp-block-uagb-container uagb-block-61a80143 default uagb-is-root-container\">\n<div class=\"wp-block-media-text is-stacked-on-mobile has-base-2-color has-text-color has-link-color wp-elements-7159da467db04becc5552c24c46826d0\"><figure class=\"wp-block-media-text__media\"><video controls src=\"https:\/\/kapelo.net\/wp-content\/uploads\/2026\/01\/Tchantche-J-Laurent-1.mp4\"><\/video><\/figure><div class=\"wp-block-media-text__content\">\n<p class=\"has-kubio-color-5-color has-text-color has-link-color wp-elements-31d905d198dafe2988f31a351c02cdd7 wp-block-paragraph\" style=\"font-size:20px\">31 ao\u00fbt 2025 11h 30<br>\u0152uvres classiques, romantiques<br>Tangos argentins<\/p>\n\n\n\n<p class=\"has-kubio-color-5-color has-text-color has-link-color wp-elements-0fbf2ec29980dc562ff2a46ad2298af5 wp-block-paragraph\" style=\"font-size:20px\">DYNA MEUNIER<br>THIBAULT LAVRENOV<br><\/p>\n<\/div><\/div>\n\n\n\n<div class=\"wp-block-media-text is-stacked-on-mobile\" style=\"font-size:20px\"><figure class=\"wp-block-media-text__media\"><video controls src=\"https:\/\/kapelo.net\/wp-content\/uploads\/2026\/01\/Tchantche-2mp4.mp4\"><\/video><\/figure><div class=\"wp-block-media-text__content\">\n<p class=\"has-kubio-color-5-color has-text-color has-link-color wp-elements-fb88b31d52d8b92bfcbab01081d1d46a wp-block-paragraph\" style=\"font-size:20px\">11 Juin 2023 11h<br> SCHUBERT<br>Quintet \u00e0 cordes en ut majeur D 956<br>\u00e0 deux violoncelles<\/p>\n\n\n\n<p class=\"has-kubio-color-5-color has-text-color has-link-color wp-elements-fd5e3081f2c6998cfdd1175ac552eb05 wp-block-paragraph\" style=\"font-size:20px\">THIBAULT LAVRENOV<br>et le QUATUOR 887<\/p>\n<\/div><\/div>\n<\/div>\n\n\n\n<p class=\"has-text-align-left has-accent-color has-text-color has-link-color wp-elements-f527252bcc32c0a6a0e509169bba12e8 wp-block-paragraph\" style=\"font-size:25px\">CONCERTS SOUVENIRS<\/p>\n","protected":false},"excerpt":{"rendered":"<p>UN CITOYENND&#8217;HONNEUR 31 ao\u00fbt 2025 11h 30\u0152uvres classiques, romantiquesTangos argentins DYNA MEUNIERTHIBAULT LAVRENOV 11 Juin 2023 11h SCHUBERTQuintet \u00e0 cordes en ut majeur D 956\u00e0 deux violoncelles THIBAULT LAVRENOVet le QUATUOR 887 CONCERTS SOUVENIRS<\/p>\n","protected":false},"author":1,"featured_media":0,"parent":0,"menu_order":0,"comment_status":"closed","ping_status":"open","template":"","meta":{"_crdt_document":"","_uag_custom_page_level_css":"","neve_meta_sidebar":"","neve_meta_container":"","neve_meta_enable_content_width":"","neve_meta_content_width":0,"neve_meta_title_alignment":"","neve_meta_author_avatar":"","neve_post_elements_order":"","neve_meta_disable_header":"","neve_meta_disable_footer":"","neve_meta_disable_title":"","ngg_post_thumbnail":0,"_themeisle_gutenberg_block_has_review":false,"footnotes":""},"class_list":["post-5607","page","type-page","status-publish","hentry"],"uagb_featured_image_src":{"full":false,"thumbnail":false,"medium":false,"medium_large":false,"large":false,"1536x1536":false,"2048x2048":false,"neve-blog":false},"uagb_author_info":{"display_name":"KAPbonma","author_link":"https:\/\/kapelo.net\/index.php\/author\/kapbonma\/"},"uagb_comment_info":0,"uagb_excerpt":"UN CITOYENND&#8217;HONNEUR 31 ao\u00fbt 2025 11h 30\u0152uvres classiques, romantiquesTangos argentins DYNA MEUNIERTHIBAULT LAVRENOV 11 Juin 2023 11h SCHUBERTQuintet \u00e0 cordes en ut majeur D 956\u00e0 deux violoncelles THIBAULT LAVRENOVet le QUATUOR 887 CONCERTS SOUVENIRS","_links":{"self":[{"href":"https:\/\/kapelo.net\/index.php\/wp-json\/wp\/v2\/pages\/5607","targetHints":{"allow":["GET"]}}],"collection":[{"href":"https:\/\/kapelo.net\/index.php\/wp-json\/wp\/v2\/pages"}],"about":[{"href":"https:\/\/kapelo.net\/index.php\/wp-json\/wp\/v2\/types\/page"}],"author":[{"embeddable":true,"href":"https:\/\/kapelo.net\/index.php\/wp-json\/wp\/v2\/users\/1"}],"replies":[{"embeddable":true,"href":"https:\/\/kapelo.net\/index.php\/wp-json\/wp\/v2\/comments?post=5607"}],"version-history":[{"count":2,"href":"https:\/\/kapelo.net\/index.php\/wp-json\/wp\/v2\/pages\/5607\/revisions"}],"predecessor-version":[{"id":5609,"href":"https:\/\/kapelo.net\/index.php\/wp-json\/wp\/v2\/pages\/5607\/revisions\/5609"}],"wp:attachment":[{"href":"https:\/\/kapelo.net\/index.php\/wp-json\/wp\/v2\/media?parent=5607"}],"curies":[{"name":"wp","href":"https:\/\/api.w.org\/{rel}","templated":true}]}}