{"id":5096,"date":"2026-03-12T12:27:57","date_gmt":"2026-03-12T11:27:57","guid":{"rendered":"https:\/\/kapelo.net\/?page_id=5096"},"modified":"2026-03-20T10:05:52","modified_gmt":"2026-03-20T09:05:52","slug":"aa-recit-dun-condamne2","status":"publish","type":"page","link":"https:\/\/kapelo.net\/index.php\/aa-recit-dun-condamne2\/","title":{"rendered":"AA -R\u00c9CIT D&#8217;UN CONDAMN\u00c92*"},"content":{"rendered":"\n<div class=\"wp-block-uagb-container uagb-block-57fa823d alignfull uagb-is-root-container\"><div class=\"uagb-container-inner-blocks-wrap\">\n<div class=\"wp-block-columns is-layout-flex wp-container-core-columns-is-layout-8f761849 wp-block-columns-is-layout-flex\">\n<div class=\"wp-block-column is-layout-flow wp-block-column-is-layout-flow\">\n<p class=\"wp-block-paragraph\" style=\"font-size:20px\">R\u00c9CIT D&#8217;UN CONDAMN\u00c9 P 2<\/p>\n<\/div>\n\n\n\n<div class=\"wp-block-column is-layout-flow wp-block-column-is-layout-flow\"><\/div>\n\n\n\n<div class=\"wp-block-column is-layout-flow wp-block-column-is-layout-flow\">\n<p class=\"has-text-align-right wp-block-paragraph\" style=\"font-size:18px\"><strong>liste des pages : <a href=\"https:\/\/kapelo.net\/index.php\/recit-dun-ccondamne\/\" data-type=\"link\" data-id=\"https:\/\/kapelo.net\/index.php\/recit-dun-ccondamne\/\">page 1<\/a> <a href=\"https:\/\/kapelo.net\/index.php\/aa-recit-dun-condamne2\/\" data-type=\"link\" data-id=\"https:\/\/kapelo.net\/index.php\/aa-recit-dun-condamne2\/\">page 2<\/a> <a href=\"https:\/\/kapelo.net\/index.php\/aa-recit-dun-condamne-3\/\" data-type=\"link\" data-id=\"https:\/\/kapelo.net\/index.php\/aa-recit-dun-condamne-3\/\">page 3<\/a><\/strong><\/p>\n<\/div>\n<\/div>\n<\/div><\/div>\n\n\n\n<div class=\"wp-block-uagb-container uagb-block-0da75aca alignfull uagb-is-root-container\"><div class=\"uagb-container-inner-blocks-wrap\">\n<div class=\"wp-block-columns is-layout-flex wp-container-core-columns-is-layout-8f761849 wp-block-columns-is-layout-flex\">\n<div class=\"wp-block-column is-layout-flow wp-block-column-is-layout-flow\">\n<p class=\"wp-block-paragraph\"><strong>La r\u00e9sistance<\/strong><br><br>La r\u00e9sistance \u00e0 l&#8217;occupation nazie s&#8217;organise sur le territoire belge. C&#8217;est surtout lors des ann\u00e9es 1944-45 qu&#8217;elle est active en Wallonie. \u00c0 Mormont s&#8217;est form\u00e9e la section command\u00e9e par M Bonjean dans laquelle Jacques est membres. De cette \u00e9poque date les documents conserv\u00e9s par Victor. Trois fausses cartes d&#8217;identit\u00e9, pour dissimuler l&#8217;\u00e9tat de r\u00e9sistant, sur lesquelles il est inscrit soit comme instituteur soit comme agriculteur. Existe aussi un carnet de notes tenu par Jacques ou son \u00e9pouse, l&#8217;\u00e9criture \u00e9tant la m\u00eame sur toutes les pages, ne permet pas d&#8217;identifier le propri\u00e9taire.<\/p>\n\n\n\n<p class=\"wp-block-paragraph\">Jacques est discret. Il ne fait pas partie des maquisards cach\u00e9s dans les bois environnants. Il est rest\u00e9 \u00e0 Hoursinne dans sa ferme, homme de confiance pour tous. Il a \u00e9t\u00e9 t\u00e9moin d&#8217;actes terribles de violence, parfois sans humanit\u00e9 et moralit\u00e9. Ces \u00e9v\u00e9nements confi\u00e9s oralement restent inscrit au plus profond dans la m\u00e9moire de son fils.<br><br>Voici quelques-uns. \u2028\u00c0 Petite Hoursinne dans une maison en pierre, la derni\u00e8re ou l&#8217;avant derni\u00e8re, \u00e9taient am\u00e9nag\u00e9s trois logements. Au premier vivait avec sa famille un personnage surnomm\u00e9 &#8220;Le Hollandais&#8221;, homme myst\u00e9rieux, ambigu, peu clair. Un jour il a disparu. Comment et pourquoi ? Pourquoi la femmes et les deux enfants ont-ils \u00e9t\u00e9 fusill\u00e9s honteusement par de faux maquisards ? Ce sont les villageois dont Jacques faisait partie qui se sont charg\u00e9s d&#8217;ensevelir ces malheureux abandonn\u00e9s gisant dans la cuisine toute \u00e9clabouss\u00e9e de sang<br>Autre fait troublant. <br>Jacques est en visite \u00e0 Laidloiseau, hameau situ\u00e9s dans la vall\u00e9e \u00e0 peine de 30 minutes \u00e0 pied. Il est entr\u00e9 dans une petite maison -deux pi\u00e8ce en-bas, deux pi\u00e8ces en-haut- o\u00f9 vivaient une veuve et sa fille. Ils sont dans la cuisine o\u00f9 un escalier donne sur l&#8217;\u00e9tage. La situation est angoissante. La fialle ne peut cacher sa nervosit\u00e9 et sa peur. Jacques assis devant la fen\u00eatre voit un homme sortir par la fen\u00eatre de la chambre dans la chambre et s&#8217;enfuir. On entend un coup de feu\u2026<\/p>\n<\/div>\n\n\n\n<div class=\"wp-block-column is-layout-flow wp-block-column-is-layout-flow\">\n<p class=\"wp-block-paragraph\"><strong>Sa fonction de r\u00e9sistant<\/strong><br><br>En plus d&#8217;\u00eatre observateur pour l&#8217;arm\u00e9e blanche il a la responsabilit\u00e9 d&#8217;un poste \u00e9metteur et r\u00e9cepteur qu&#8217;il faisait &#8220;voyager&#8221; r\u00e9guli\u00e8rement d&#8217;un lieu \u00e0 l&#8217;autre selon les circonstances pour \u00e9viter la localisation. L&#8217;op\u00e9rateur le suivait dans les diff\u00e9rentes caches r\u00e9digeait les messages en morse.<br>\u2028Toute la famille est concern\u00e9e et t\u00e9moigne d&#8217;un courage exceptionnel.<br>Le grand-p\u00e8re de Victor transportait des armes cach\u00e9es sous des bois de chauffage dans un chariot tir\u00e9 par un cheval. Activit\u00e9 qui valut \u00e0 un homme courageux de Chevron la d\u00e9nonciation, l&#8217;arrestation, le traitement horrible et la d\u00e9portation vers un camp d&#8217;o\u00f9 il n&#8217;est jamais revenu.<br><br>La m\u00e8re, elle, se chargeait de distribuer des messages dissimul\u00e9s dans le cadre de son v\u00e9lo.. Comme lors de l&#8217;un de ses missions o\u00f9, en direction de Chevron, elle est s&#8217;aper\u00e7oit qu&#8217;elle est suivie par une voiture de la Gestapo.<br>On l&#8217;interroge :<br>O\u00f9 allez-vous ?<br>Dans ma famille qui habite \u00e0 Rahier.<br><br>Elle reprend la route, donc en direction de Rahier. Arriv\u00e9e en ce village, elle s&#8217;arr\u00eate dans la premi\u00e8re maison, pose son v\u00e9lo sur le mur de la fa\u00e7ade, entre comme si elle \u00e9tait chez elle. Les occupants sont forts \u00e9tonn\u00e9s mais comprennent imm\u00e9diatement. Tout naturellement une femme sort pour prendre du bois. La voiture de la Gestapo s&#8217;arr\u00eate, un moment d&#8217;angoisse, et puis red\u00e9marre. La maman reprend alors sa mission. Le subterfuge a r\u00e9ussi\u2026<br><br>Mais la suite ne se passe pas de la m\u00eame fa\u00e7on.<\/p>\n<\/div>\n<\/div>\n<\/div><\/div>\n\n\n\n<div class=\"wp-block-uagb-container uagb-block-52bff544 alignfull uagb-is-root-container\"><div class=\"uagb-container-inner-blocks-wrap\">\n<p class=\"wp-block-paragraph\"><a href=\"https:\/\/kapelo.net\/index.php\/aa-recit-dun-condamne-3\/\">LIRE LA SUITE PAGE 3<\/a><\/p>\n<\/div><\/div>\n\n\n\n<p class=\"wp-block-paragraph\"><\/p>\n","protected":false},"excerpt":{"rendered":"<p>R\u00c9CIT D&#8217;UN CONDAMN\u00c9 P 2 liste des pages : page 1 page 2 page 3 La r\u00e9sistance La r\u00e9sistance \u00e0 l&#8217;occupation nazie s&#8217;organise sur le territoire belge. C&#8217;est surtout lors des ann\u00e9es 1944-45 qu&#8217;elle est active en Wallonie. \u00c0 Mormont s&#8217;est form\u00e9e la section command\u00e9e par M Bonjean dans laquelle Jacques est membres. De cette&hellip;&nbsp;<\/p>\n","protected":false},"author":1,"featured_media":0,"parent":0,"menu_order":0,"comment_status":"closed","ping_status":"closed","template":"","meta":{"_crdt_document":"","_uag_custom_page_level_css":"","neve_meta_sidebar":"","neve_meta_container":"","neve_meta_enable_content_width":"","neve_meta_content_width":0,"neve_meta_title_alignment":"","neve_meta_author_avatar":"","neve_post_elements_order":"","neve_meta_disable_header":"","neve_meta_disable_footer":"","neve_meta_disable_title":"","ngg_post_thumbnail":0,"_themeisle_gutenberg_block_has_review":false,"footnotes":""},"class_list":["post-5096","page","type-page","status-publish","hentry"],"uagb_featured_image_src":{"full":false,"thumbnail":false,"medium":false,"medium_large":false,"large":false,"1536x1536":false,"2048x2048":false,"neve-blog":false},"uagb_author_info":{"display_name":"KAPbonma","author_link":"https:\/\/kapelo.net\/index.php\/author\/kapbonma\/"},"uagb_comment_info":0,"uagb_excerpt":"R\u00c9CIT D&#8217;UN CONDAMN\u00c9 P 2 liste des pages : page 1 page 2 page 3 La r\u00e9sistance La r\u00e9sistance \u00e0 l&#8217;occupation nazie s&#8217;organise sur le territoire belge. C&#8217;est surtout lors des ann\u00e9es 1944-45 qu&#8217;elle est active en Wallonie. \u00c0 Mormont s&#8217;est form\u00e9e la section command\u00e9e par M Bonjean dans laquelle Jacques est membres. De cette&hellip;&nbsp;","_links":{"self":[{"href":"https:\/\/kapelo.net\/index.php\/wp-json\/wp\/v2\/pages\/5096","targetHints":{"allow":["GET"]}}],"collection":[{"href":"https:\/\/kapelo.net\/index.php\/wp-json\/wp\/v2\/pages"}],"about":[{"href":"https:\/\/kapelo.net\/index.php\/wp-json\/wp\/v2\/types\/page"}],"author":[{"embeddable":true,"href":"https:\/\/kapelo.net\/index.php\/wp-json\/wp\/v2\/users\/1"}],"replies":[{"embeddable":true,"href":"https:\/\/kapelo.net\/index.php\/wp-json\/wp\/v2\/comments?post=5096"}],"version-history":[{"count":39,"href":"https:\/\/kapelo.net\/index.php\/wp-json\/wp\/v2\/pages\/5096\/revisions"}],"predecessor-version":[{"id":6145,"href":"https:\/\/kapelo.net\/index.php\/wp-json\/wp\/v2\/pages\/5096\/revisions\/6145"}],"wp:attachment":[{"href":"https:\/\/kapelo.net\/index.php\/wp-json\/wp\/v2\/media?parent=5096"}],"curies":[{"name":"wp","href":"https:\/\/api.w.org\/{rel}","templated":true}]}}