{"id":5095,"date":"2026-03-12T12:39:09","date_gmt":"2026-03-12T11:39:09","guid":{"rendered":"https:\/\/kapelo.net\/?page_id=5095"},"modified":"2026-03-25T06:53:00","modified_gmt":"2026-03-25T05:53:00","slug":"aa-recit-dun-condamne-3","status":"publish","type":"page","link":"https:\/\/kapelo.net\/index.php\/aa-recit-dun-condamne-3\/","title":{"rendered":"AA -R\u00c9CIT D&#8217;UN CONDAMN\u00c9 3*"},"content":{"rendered":"\n<div class=\"wp-block-uagb-container uagb-block-88808138 alignfull uagb-is-root-container\"><div class=\"uagb-container-inner-blocks-wrap\">\n<div class=\"wp-block-columns is-layout-flex wp-container-core-columns-is-layout-8f761849 wp-block-columns-is-layout-flex\">\n<div class=\"wp-block-column is-layout-flow wp-block-column-is-layout-flow\">\n<p class=\"wp-block-paragraph\" style=\"font-size:20px\">R\u00c9CIT D&#8217;UN CONDAMN\u00c9  p.3   <\/p>\n<\/div>\n\n\n\n<div class=\"wp-block-column is-layout-flow wp-block-column-is-layout-flow\"><\/div>\n\n\n\n<div class=\"wp-block-column is-layout-flow wp-block-column-is-layout-flow\">\n<p class=\"has-text-align-right has-nv-text-dark-bg-color has-text-color has-link-color wp-elements-cdf4b3f399b9f831f46d80ffc697f855 wp-block-paragraph\" style=\"font-size:18px\"><strong>liste des pages : <a href=\"https:\/\/kapelo.net\/index.php\/recit-dun-ccondamne\/\" data-type=\"link\" data-id=\"https:\/\/kapelo.net\/index.php\/recit-dun-ccondamne\/\">page 1<\/a> <a href=\"https:\/\/kapelo.net\/index.php\/aa-recit-dun-condamne2\/\" data-type=\"link\" data-id=\"https:\/\/kapelo.net\/wp-admin\/edit.php?post_type=page\">page 2<\/a> <a href=\"https:\/\/kapelo.net\/index.php\/aa-recit-dun-condamne-3\/\" data-type=\"link\" data-id=\"https:\/\/kapelo.net\/index.php\/aa-recit-dun-condamne-3\/\">page 3<\/a><\/strong><\/p>\n<\/div>\n<\/div>\n\n\n\n<div class=\"wp-block-columns is-layout-flex wp-container-core-columns-is-layout-8f761849 wp-block-columns-is-layout-flex\">\n<div class=\"wp-block-column is-layout-flow wp-block-column-is-layout-flow\">\n<p class=\"wp-block-paragraph\"><strong>L&#8217;incarc\u00e9ration<\/strong><\/p>\n<\/div>\n\n\n\n<div class=\"wp-block-column is-layout-flow wp-block-column-is-layout-flow\"><\/div>\n\n\n\n<div class=\"wp-block-column is-layout-flow wp-block-column-is-layout-flow\">\n<p class=\"wp-block-paragraph\"><strong>Lib\u00e9ration<\/strong><\/p>\n<\/div>\n<\/div>\n\n\n\n<div class=\"wp-block-columns is-layout-flex wp-container-core-columns-is-layout-8f761849 wp-block-columns-is-layout-flex\">\n<div class=\"wp-block-column is-layout-flow wp-block-column-is-layout-flow\">\n<div class=\"wp-block-stackable-text stk-block-text stk-block stk-a2cab41\" data-block-id=\"a2cab41\"><style>.stk-a2cab41 .stk-block-text__text{color:#0f0e17 !important;}<\/style><p class=\"stk-block-text__text has-text-color\">O\u00f9 se trouve le poste \u00e9metteur ?<br>L&#8217;interrogatoire violent, acharn\u00e9, se passe ensuite dans la prison Saint-L\u00e9onard \u00e0 Li\u00e8ge. Toujours men\u00e9 par un officier et ces &#8220;gros bras&#8221; francophones.<br><br>O\u00f9 se trouve le poste \u00e9metteur ?<br>Il a disparu. Peut-\u00eatre se trouve-t-il dans une sapini\u00e8re au-dessus du village. Je peux vous y conduire.<br>Jacques pense \u00e0 une \u00e9ventuelle fuite et un assaut par des partisans embusqu\u00e9s en ce lieu.\u2028L&#8217;officier refuse d&#8217;abord devinant le pi\u00e8ge. \u2028<br>On se rend quand m\u00eame sur place. Jacques veut &#8220;foutre le camp&#8221;. Impossible\u2028<br>Effectivement c&#8217;\u00e9tait dans une sapini\u00e8re de la famille o\u00f9 on le conduit finalement. Des sapins de 5 ou 6 ans. Une cache id\u00e9ale.<br>On ne trouve rien. \u2028Au village Jacques est enferm\u00e9 dans un petit cabanon au bout du village. De l&#8217;int\u00e9rieur il entend des voix, des conversations en wallon.\u2028\u2028C&#8217;est le retour \u00e0 Li\u00e8ge.<br><br>Se passent encore d&#8217;autres interrogatoires de ce genre sans respect des droits de l&#8217;homme et des principes humanitaires. Cela toujours en fran\u00e7ais correct. Puis arrive le jugement, un simulacre. Un avocat assiste le condamn\u00e9 d&#8217;avance. Le juge pr\u00e9side, un officier allemand, et toujours deux hommes cagoul\u00e9s, francophones !<br>On r\u00e9p\u00e8te la m\u00eame question inlassablement : o\u00f9 est le pote ? Au dernier interrogatoire le juge se fait conciliant, propose une cigarette, un caf\u00e9. On lui propose aussi de prendre le train Li\u00e8ge-Bomal. On lui donne l&#8217;horaire, l&#8217;heure du d\u00e9part pour Bomal : 18 h 30. Jacques devine le pi\u00e8ge. Il sait que la ligne de l&#8217;Ourthe a \u00e9t\u00e9 d\u00e9truite et plusieurs ponts dynamit\u00e9s.<br><br>Il est condamn\u00e9 \u00e0 \u00eatre fusill\u00e9 et sera conduit au quartier des condamn\u00e9s \u00e0 mort \u00e0 la Citadelle sur les hauteurs de Li\u00e8ge. \u2028Jacques se sent alors soulag\u00e9. Les jours pr\u00e9c\u00e9dents ont \u00e9t\u00e9 d&#8217;une souffrance inhumaine. La maltraitance, l&#8217;attente atroce, la fatigue extr\u00eame ont eu raison de la r\u00e9sistance physique et morale : c&#8217;est l&#8217;\u00e9puisement total. Peut-on se rendre compte de l&#8217;angoisse lourde dans les cellules, du trouble et de la solitude totale dans les esprits. Les prisonniers se m\u00e9fient les uns des autres, on sait qu&#8217;il y a des mouchards m\u00eal\u00e9s aux prisonniers.<br><br>Saint-l\u00e9onard est appel\u00e9 &#8220;les 100 000 briques&#8221; ! Les gardiens belges, collaborateurs volontaires, ignobles ou d\u00e9sign\u00e9s de force sont implacables, violents. Une cellule &#8220;pr\u00e9vue&#8221; pour 4 personnes en contient le double. On dort \u00e0 tour de r\u00f4le. Les plus hardis t\u00e2chent de communiquer avec les autres cellules en tapant en morse sur les tuyaux. Les gardiens entrent, exigent la traduction avec acharnement. Sans discernement il frappent. &#8220;On ramasse des vol\u00e9es&#8221;, se souvenait Jacques,<\/p><\/div>\n<\/div>\n\n\n\n<div class=\"wp-block-column is-layout-flow wp-block-column-is-layout-flow\">\n<div class=\"wp-block-stackable-text stk-block-text stk-block stk-ee6335a\" data-block-id=\"ee6335a\"><style>.stk-ee6335a .stk-block-text__text{color:#0f0e17 !important;}<\/style><p class=\"stk-block-text__text has-text-color\"><br>Jacques \u00e9tait \u00e0 quelques jours de son ex\u00e9cution lorsque l&#8217;arm\u00e9e am\u00e9ricaine entre dans la ville de Li\u00e8ge. C&#8217;\u00e9taient les 7 et 8 septembre 44. Les Allemands r\u00e9sistent deux jours. Il faut attendre pour faire la f\u00eate. Enfin les derniers tirs se font entendre dans des quartiers, sur la rive droite et en Outremeus<br>Les gardiens se sont \u00e9vanouis, les portes de la prison aux 100 000 briques sont ouvertes.<br><br>Jacques est libre. Il erre \u00e0 Li\u00e8ge en liesse. Il ne conna\u00eet qu&#8217;une seule personne en ville, Monsieur Brunini qui habitait rue de Campine. Il \u00e9tait directeur du charbonnage de W\u00e9rist\u00e8re \u00e0 Beyne et louait depuis 1936 une maison \u00e0 Hoursinne, la derni\u00e8re maison du village, \u00e0 Petite Hoursinne. Jacques loge quelques jours rue de Campine et puis revient \u00e0 Hoursinne lorsque le village est lib\u00e9r\u00e9 de la troupe allemande.<br>Entre temps la r\u00e9gion \u00e9tait sous l&#8217;emprise d&#8217;une importante troupe allemande avant leur retraite. On \u00e9tait au courant qu&#8217;une quinzaine de r\u00e9sistants arm\u00e9s se trouvaient dans les bois environnants. Jules Noirhomme, le v\u00e9t\u00e9rinaire connaissaient ces hommes et leurs refuges. Les Allemands recherchaient activement ces nids de r\u00e9sistance. Il y a eu le 26 f\u00e9vrier 44 l&#8217;\u00e9pisode sanglant de &#8220;La mohone \u00e8 bw\u00e8&#8221; pr\u00e8s de Fays, \u00e0 quelques km de Hoursinne. Laidloiseau a \u00e9t\u00e9 pris d&#8217;assaut, les maison br\u00fbl\u00e9es, les villageois et les r\u00e9sistants ayant le temps de s&#8217;enfuir. C&#8217;\u00e9tait le 9 septembre alors que Li\u00e8ge venait d&#8217;\u00eatre lib\u00e9r\u00e9e.<br><br>\u00c0 Hoursinne le villageois vivent dans la tourmente et la peur. \u2028Une chance, un v\u00e9hicule allemand remontant la route vers Petite Hoursinne s&#8217;est arr\u00eat\u00e9 \u00e0 hauteur de la chapelle actuelle. Quelqu&#8217;un du village a assur\u00e9 aux soldats \u00e9gar\u00e9s que la village se terminait \u00e0 cet endroit. Plus haut cependant, \u00e0 200 m\u00e8tre environ, deux chapelets de mines avaient \u00e9t\u00e9 plac\u00e9s de chaque c\u00f4t\u00e9 de la route reli\u00e9s par une corde. Cela aurait \u00e9t\u00e9 fatal et aurait provoqu\u00e9 les terribles repr\u00e9sailles et la destruction des maisons comme \u00e0 Laidloiseau.<br>Quelques ann\u00e9es apr\u00e8s la guerre les habitants ont voulu exprimer leur gratitude et perp\u00e9tuer ce souvenir et on commenc\u00e9 les d\u00e9marches et les travaux pour la construction de la chapelle, qui est maintenant le si\u00e8ge d&#8217;une ASBL, La chapelle aux bois.<br><br>Il y eu aussi cette erreur fatale de parachutage qui a provoqu\u00e9 les incendies de 3 maisons \u00e0 Mormont et \u00e0 Grande Hoursinne.<br><br>Apr\u00e8s l&#8217;arriv\u00e9e de l&#8217;arm\u00e9e de lib\u00e9ration ce fut l&#8217;offensive des Ardennes. Les combats acharn\u00e9s avec les centaines de morts militaires et civils se prolongent jusque Champ de Harre, Grand-Menil. \u00c0 Hoursinne la maison de Jacques est occup\u00e9es par les militaires. Devant, pr\u00e8s du noyer une cuisine roulante. Les derniers canons tirent sur Manhay et Grand-Menil.<br><br>L&#8217;incarc\u00e9ration de Jacques a dur\u00e9 28 jours. Un jour trop peu pour avoir droit aux indemnit\u00e9s accord\u00e9es aux r\u00e9sistants ! Il n&#8217;eut aucune rancune, homme de bravoure, d&#8217;honneur et de sagesse. Il pardonna \u00e0 la personne qui l&#8217;avait d\u00e9nonc\u00e9 : il savait qu&#8217;elle-m\u00eame avait \u00e9t\u00e9 tortur\u00e9e \u00e0 mort et avait fini par avouer sous les coups et les menaces.<br><br><br><br><br><br><br><\/p><\/div>\n<\/div>\n<\/div>\n\n\n\n<p class=\"wp-block-paragraph\"><\/p>\n<\/div><\/div>\n","protected":false},"excerpt":{"rendered":"<p>R\u00c9CIT D&#8217;UN CONDAMN\u00c9 p.3 liste des pages : page 1 page 2 page 3 L&#8217;incarc\u00e9ration Lib\u00e9ration O\u00f9 se trouve le poste \u00e9metteur ?L&#8217;interrogatoire violent, acharn\u00e9, se passe ensuite dans la prison Saint-L\u00e9onard \u00e0 Li\u00e8ge. Toujours men\u00e9 par un officier et ces &#8220;gros bras&#8221; francophones. O\u00f9 se trouve le poste \u00e9metteur ?Il a disparu. Peut-\u00eatre se&hellip;&nbsp;<\/p>\n","protected":false},"author":1,"featured_media":0,"parent":0,"menu_order":0,"comment_status":"closed","ping_status":"closed","template":"","meta":{"_crdt_document":"","_uag_custom_page_level_css":"","neve_meta_sidebar":"","neve_meta_container":"","neve_meta_enable_content_width":"","neve_meta_content_width":0,"neve_meta_title_alignment":"","neve_meta_author_avatar":"","neve_post_elements_order":"","neve_meta_disable_header":"","neve_meta_disable_footer":"","neve_meta_disable_title":"","ngg_post_thumbnail":0,"_themeisle_gutenberg_block_has_review":false,"footnotes":""},"class_list":["post-5095","page","type-page","status-publish","hentry"],"uagb_featured_image_src":{"full":false,"thumbnail":false,"medium":false,"medium_large":false,"large":false,"1536x1536":false,"2048x2048":false,"neve-blog":false},"uagb_author_info":{"display_name":"KAPbonma","author_link":"https:\/\/kapelo.net\/index.php\/author\/kapbonma\/"},"uagb_comment_info":0,"uagb_excerpt":"R\u00c9CIT D&#8217;UN CONDAMN\u00c9 p.3 liste des pages : page 1 page 2 page 3 L&#8217;incarc\u00e9ration Lib\u00e9ration O\u00f9 se trouve le poste \u00e9metteur ?L&#8217;interrogatoire violent, acharn\u00e9, se passe ensuite dans la prison Saint-L\u00e9onard \u00e0 Li\u00e8ge. Toujours men\u00e9 par un officier et ces &#8220;gros bras&#8221; francophones. O\u00f9 se trouve le poste \u00e9metteur ?Il a disparu. Peut-\u00eatre se&hellip;&nbsp;","_links":{"self":[{"href":"https:\/\/kapelo.net\/index.php\/wp-json\/wp\/v2\/pages\/5095","targetHints":{"allow":["GET"]}}],"collection":[{"href":"https:\/\/kapelo.net\/index.php\/wp-json\/wp\/v2\/pages"}],"about":[{"href":"https:\/\/kapelo.net\/index.php\/wp-json\/wp\/v2\/types\/page"}],"author":[{"embeddable":true,"href":"https:\/\/kapelo.net\/index.php\/wp-json\/wp\/v2\/users\/1"}],"replies":[{"embeddable":true,"href":"https:\/\/kapelo.net\/index.php\/wp-json\/wp\/v2\/comments?post=5095"}],"version-history":[{"count":30,"href":"https:\/\/kapelo.net\/index.php\/wp-json\/wp\/v2\/pages\/5095\/revisions"}],"predecessor-version":[{"id":6146,"href":"https:\/\/kapelo.net\/index.php\/wp-json\/wp\/v2\/pages\/5095\/revisions\/6146"}],"wp:attachment":[{"href":"https:\/\/kapelo.net\/index.php\/wp-json\/wp\/v2\/media?parent=5095"}],"curies":[{"name":"wp","href":"https:\/\/api.w.org\/{rel}","templated":true}]}}